{"id":6469,"date":"2025-01-01T13:21:18","date_gmt":"2025-01-01T13:21:18","guid":{"rendered":"https:\/\/lps.dailyinvesting.net\/thank-you-3\/"},"modified":"2025-02-02T10:42:34","modified_gmt":"2025-02-02T10:42:34","slug":"thank-you-3","status":"publish","type":"page","link":"https:\/\/lps.dailyinvesting.net\/pt-br\/thank-you-3\/","title":{"rendered":"thank-you-3"},"content":{"rendered":"\t\t<div data-elementor-type=\"wp-page\" data-elementor-id=\"6469\" class=\"elementor elementor-6469\" data-elementor-post-type=\"page\">\n\t\t\t\t\t\t<section class=\"elementor-section elementor-top-section elementor-element elementor-element-719ef93 elementor-section-boxed elementor-section-height-default elementor-section-height-default\" data-id=\"719ef93\" data-element_type=\"section\">\n\t\t\t\t\t\t<div class=\"elementor-container elementor-column-gap-default\">\n\t\t\t\t\t<div class=\"elementor-column elementor-col-100 elementor-top-column elementor-element elementor-element-7a4d526\" data-id=\"7a4d526\" data-element_type=\"column\">\n\t\t\t<div class=\"elementor-widget-wrap elementor-element-populated\">\n\t\t\t\t\t\t<div class=\"elementor-element elementor-element-0580269 elementor-widget elementor-widget-image\" data-id=\"0580269\" data-element_type=\"widget\" data-widget_type=\"image.default\">\n\t\t\t\t<div class=\"elementor-widget-container\">\n\t\t\t\t\t\t\t\t\t\t\t\t\t\t\t<img decoding=\"async\" width=\"325\" height=\"88\" src=\"\/wp-content\/uploads\/2024\/04\/ENG_lightBG-1-1-2.png\" class=\"attachment-large size-large wp-image-3221\" alt=\"\" srcset=\"\/wp-content\/uploads\/2024\/04\/ENG_lightBG-1-1-2.png 325w, \/wp-content\/uploads\/2024\/04\/ENG_lightBG-1-1-2-300x81.png 300w\" sizes=\"(max-width: 325px) 100vw, 325px\" \/>\t\t\t\t\t\t\t\t\t\t\t\t\t\t\t<\/div>\n\t\t\t\t<\/div>\n\t\t\t\t<div class=\"elementor-element elementor-element-8c601be elementor-widget elementor-widget-image\" data-id=\"8c601be\" data-element_type=\"widget\" data-widget_type=\"image.default\">\n\t\t\t\t<div class=\"elementor-widget-container\">\n\t\t\t\t\t\t\t\t\t\t\t\t\t\t\t<img fetchpriority=\"high\" decoding=\"async\" width=\"800\" height=\"450\" src=\"\/wp-content\/uploads\/2025\/02\/image-DV-thankupagePT-1024x576.png\" class=\"attachment-large size-large wp-image-6501\" alt=\"\" srcset=\"\/wp-content\/uploads\/2025\/02\/image-DV-thankupagePT-1024x576.png 1024w, \/wp-content\/uploads\/2025\/02\/image-DV-thankupagePT-300x169.png 300w, \/wp-content\/uploads\/2025\/02\/image-DV-thankupagePT-768x432.png 768w, \/wp-content\/uploads\/2025\/02\/image-DV-thankupagePT-1536x864.png 1536w, \/wp-content\/uploads\/2025\/02\/image-DV-thankupagePT.png 1920w\" sizes=\"(max-width: 800px) 100vw, 800px\" \/>\t\t\t\t\t\t\t\t\t\t\t\t\t\t\t<\/div>\n\t\t\t\t<\/div>\n\t\t\t\t<div class=\"elementor-element elementor-element-763e89f elementor-widget elementor-widget-heading\" data-id=\"763e89f\" data-element_type=\"widget\" data-widget_type=\"heading.default\">\n\t\t\t\t<div class=\"elementor-widget-container\">\n\t\t\t\t\t<h2 class=\"elementor-heading-title elementor-size-default\">Bem-vindo(a) ao Dailyinvesting!<\/h2>\t\t\t\t<\/div>\n\t\t\t\t<\/div>\n\t\t\t\t<div class=\"elementor-element elementor-element-e26d543 elementor-widget elementor-widget-heading\" data-id=\"e26d543\" data-element_type=\"widget\" data-widget_type=\"heading.default\">\n\t\t\t\t<div class=\"elementor-widget-container\">\n\t\t\t\t\t<h2 class=\"elementor-heading-title elementor-size-default\">Um funcion\u00e1rio da Seekapa entrar\u00e1 em contato com voc\u00ea o mais breve poss\u00edvel.<\/h2>\t\t\t\t<\/div>\n\t\t\t\t<\/div>\n\t\t\t\t<div class=\"elementor-element elementor-element-4c1f01b elementor-widget elementor-widget-heading\" data-id=\"4c1f01b\" data-element_type=\"widget\" data-widget_type=\"heading.default\">\n\t\t\t\t<div class=\"elementor-widget-container\">\n\t\t\t\t\t<h2 class=\"elementor-heading-title elementor-size-default\">Voc\u00ea ser\u00e1 redirecionado(a) para a p\u00e1gina de avalia\u00e7\u00e3o detalhada para conhecer a opini\u00e3o de outros investidores sobre a empresa.<\/h2>\t\t\t\t<\/div>\n\t\t\t\t<\/div>\n\t\t\t\t\t<\/div>\n\t\t<\/div>\n\t\t\t\t\t<\/div>\n\t\t<\/section>\n\t\t\t\t<section class=\"elementor-section elementor-top-section elementor-element elementor-element-4ff51a0 elementor-section-full_width elementor-section-height-default elementor-section-height-default\" data-id=\"4ff51a0\" data-element_type=\"section\">\n\t\t\t\t\t\t<div class=\"elementor-container elementor-column-gap-no\">\n\t\t\t\t\t<div class=\"elementor-column elementor-col-100 elementor-top-column elementor-element elementor-element-cfb74d0\" data-id=\"cfb74d0\" data-element_type=\"column\">\n\t\t\t<div class=\"elementor-widget-wrap elementor-element-populated\">\n\t\t\t\t\t\t<div class=\"elementor-element elementor-element-c214368 elementor-widget elementor-widget-template\" data-id=\"c214368\" data-element_type=\"widget\" data-widget_type=\"template.default\">\n\t\t\t\t<div class=\"elementor-widget-container\">\n\t\t\t\t\t\t\t<div class=\"elementor-template\">\n\t\t\t\t\t<div data-elementor-type=\"section\" data-elementor-id=\"6417\" class=\"elementor elementor-6417\" data-elementor-post-type=\"elementor_library\">\n\t\t\t\t\t<section class=\"elementor-section elementor-top-section elementor-element elementor-element-ae2f433 elementor-section-boxed elementor-section-height-default elementor-section-height-default\" data-id=\"ae2f433\" data-element_type=\"section\" data-settings=\"{&quot;background_background&quot;:&quot;classic&quot;}\">\n\t\t\t\t\t\t<div class=\"elementor-container elementor-column-gap-default\">\n\t\t\t\t\t<div class=\"elementor-column elementor-col-100 elementor-top-column elementor-element elementor-element-d6103da\" data-id=\"d6103da\" data-element_type=\"column\">\n\t\t\t<div class=\"elementor-widget-wrap elementor-element-populated\">\n\t\t\t\t\t\t<div class=\"elementor-element elementor-element-59c7164 elementor-widget elementor-widget-heading\" data-id=\"59c7164\" data-element_type=\"widget\" data-widget_type=\"heading.default\">\n\t\t\t\t<div class=\"elementor-widget-container\">\n\t\t\t\t\t<div class=\"elementor-heading-title elementor-size-default\"><div class=\"footer-social-center\">\n<a href=\"mailto:info@dailyvesting.net\">\n<img decoding=\"async\" src=\"https:\/\/bcdnlp.dailyinvesting.net\/wp-content\/uploads\/2023\/02\/icon-mail.png\">\ninfo@dailyinvesting.net <\/a>\n<a href=\"tel:+35724022549\">\n<img decoding=\"async\" src=\"https:\/\/bcdnlp.dailyinvesting.net\/wp-content\/uploads\/2023\/02\/icon-phone.png\">\n+357-24022549<\/a>\n<a>\n<img decoding=\"async\" src=\"https:\/\/bcdnlp.dailyinvesting.net\/wp-content\/uploads\/2023\/02\/icon-checkpoint.png\">\nEmirados \u00c1rabes Unidos<\/a>\n<span>Informa\u00e7\u00f5es de Contato:<\/span>\n<\/div>\t\t\t\t<\/div>\n\t\t\t\t<\/div>\n\t\t\t\t<div class=\"elementor-element elementor-element-96a5760 elementor-widget elementor-widget-text-editor\" data-id=\"96a5760\" data-element_type=\"widget\" data-widget_type=\"text-editor.default\">\n\t\t\t\t<div class=\"elementor-widget-container\">\n\t\t\t\t\t\t\t\t\t<div class=\"row justify-content-center\"><div class=\"col-lg-10\"><div class=\"footer-text\"><div class=\"ewa-rteLine\"><div class=\"row justify-content-center\"><div class=\"col-lg-10\"><div class=\"footer-text\"><div class=\"ewa-rteLine\">DailyInvesting \u00e9 um site que fornece informa\u00e7\u00f5es e servi\u00e7os relacionados ao mundo do trading e mercados financeiros. De forma alguma os servi\u00e7os devem ser interpretados como conselhos ou orienta\u00e7\u00f5es de investimento. O trading envolve riscos, portanto, os investidores n\u00e3o devem investir mais do que podem se dar ao luxo de perder. Antes de negociar, certifique-se de compreender os riscos do mercado. Cabe exclusivamente ao trader a responsabilidade de aprender e adquirir o conhecimento e a experi\u00eancia necess\u00e1rios para utilizar a plataforma de trading e tudo o que for necess\u00e1rio para negociar corretamente.<br \/>As informa\u00e7\u00f5es contidas neste site n\u00e3o se destinam a qualquer pessoa que reivindique resid\u00eancia e cidadania nos Estados Unidos, nem est\u00e3o destinadas ao uso por qualquer pessoa (ou pessoas) em qualquer pa\u00eds ou jurisdi\u00e7\u00e3o onde tal uso constitua uma viola\u00e7\u00e3o direta ou infra\u00e7\u00e3o \u00e0s regulamenta\u00e7\u00f5es e leis locais.<br \/>O site DailyIvesting \u00e9 propriedade e operado pela Deloce LTD, uma empresa regulamentada sob as leis de Chipre, com n\u00famero de registro 417226.<br \/>Todos os direitos reservados.<\/div><\/div><\/div><\/div><\/div><\/div><\/div><\/div>\t\t\t\t\t\t\t\t<\/div>\n\t\t\t\t<\/div>\n\t\t\t\t\t<\/div>\n\t\t<\/div>\n\t\t\t\t\t<\/div>\n\t\t<\/section>\n\t\t\t\t<\/div>\n\t\t\t\t<\/div>\n\t\t\t\t\t\t<\/div>\n\t\t\t\t<\/div>\n\t\t\t\t\t<\/div>\n\t\t<\/div>\n\t\t\t\t\t<\/div>\n\t\t<\/section>\n\t\t\t\t<\/div>\n\t\t","protected":false},"excerpt":{"rendered":"<p>Bem-vindo(a) ao Dailyinvesting! Um funcion\u00e1rio da Seekapa entrar\u00e1 em contato com voc\u00ea o mais breve poss\u00edvel. Voc\u00ea ser\u00e1 redirecionado(a) para a p\u00e1gina de avalia\u00e7\u00e3o detalhada para conhecer a opini\u00e3o de outros investidores sobre a empresa.<\/p>\n","protected":false},"author":11,"featured_media":0,"parent":0,"menu_order":0,"comment_status":"closed","ping_status":"closed","template":"elementor_canvas","meta":{"footnotes":""},"class_list":["post-6469","page","type-page","status-publish","hentry"],"acf":[],"yoast_head":"<!-- This site is optimized with the Yoast SEO plugin v26.8 - https:\/\/yoast.com\/product\/yoast-seo-wordpress\/ -->\n<title>Best Online Trading Companies of 2025<\/title>\n<meta name=\"description\" content=\"Welcome to Daily Investing! A representative from (Seekapa) will contact you as soon as possible. You will be redirected to the detailed review page to learn about other investors&#039; opinions of the company.\" \/>\n<meta name=\"robots\" content=\"index, follow, max-snippet:-1, max-image-preview:large, max-video-preview:-1\" \/>\n<link rel=\"canonical\" href=\"https:\/\/lps.dailyinvesting.net\/thank-you-3\/\" \/>\n<meta property=\"og:locale\" content=\"pt_BR\" \/>\n<meta property=\"og:type\" content=\"article\" \/>\n<meta property=\"og:title\" content=\"Best Online Trading Companies of 2025\" \/>\n<meta property=\"og:description\" content=\"Welcome to Daily Investing! A representative from (Seekapa) will contact you as soon as possible. You will be redirected to the detailed review page to learn about other investors&#039; opinions of the company.\" \/>\n<meta property=\"og:url\" content=\"https:\/\/lps.dailyinvesting.net\/thank-you-3\/\" \/>\n<meta property=\"og:site_name\" content=\"\u0623\u0641\u0636\u0644 \u0634\u0631\u0643\u0627\u062a \u0627\u0644\u062a\u062f\u0627\u0648\u0644 \u0639\u0628\u0631 \u0627\u0644\u0625\u0646\u062a\u0631\u0646\u062a \u0644\u0639\u0627\u0645 2023\" \/>\n<meta property=\"article:modified_time\" content=\"2025-02-02T10:42:34+00:00\" \/>\n<meta property=\"og:image\" content=\"https:\/\/stagelps.dailyvesting.net\/wp-content\/uploads\/2024\/04\/ENG_lightBG-1-1-2.png\" \/>\n<meta name=\"twitter:card\" content=\"summary_large_image\" \/>\n<meta name=\"twitter:label1\" content=\"Est. reading time\" \/>\n\t<meta name=\"twitter:data1\" content=\"4 minutes\" \/>\n<script type=\"application\/ld+json\" class=\"yoast-schema-graph\">{\"@context\":\"https:\/\/schema.org\",\"@graph\":[{\"@type\":\"WebPage\",\"@id\":\"https:\/\/lps.dailyinvesting.net\/thank-you-3\/\",\"url\":\"https:\/\/lps.dailyinvesting.net\/thank-you-3\/\",\"name\":\"Best Online Trading Companies of 2025\",\"isPartOf\":{\"@id\":\"https:\/\/lps.dailyinvesting.net\/ar\/#website\"},\"primaryImageOfPage\":{\"@id\":\"https:\/\/lps.dailyinvesting.net\/thank-you-3\/#primaryimage\"},\"image\":{\"@id\":\"https:\/\/lps.dailyinvesting.net\/thank-you-3\/#primaryimage\"},\"thumbnailUrl\":\"https:\/\/stagelps.dailyvesting.net\/wp-content\/uploads\/2024\/04\/ENG_lightBG-1-1-2.png\",\"datePublished\":\"2025-01-01T13:21:18+00:00\",\"dateModified\":\"2025-02-02T10:42:34+00:00\",\"description\":\"Welcome to Daily Investing! A representative from (Seekapa) will contact you as soon as possible. You will be redirected to the detailed review page to learn about other investors' opinions of the company.\",\"inLanguage\":\"pt-BR\",\"potentialAction\":[{\"@type\":\"ReadAction\",\"target\":[\"https:\/\/lps.dailyinvesting.net\/thank-you-3\/\"]}]},{\"@type\":\"ImageObject\",\"inLanguage\":\"pt-BR\",\"@id\":\"https:\/\/lps.dailyinvesting.net\/thank-you-3\/#primaryimage\",\"url\":\"https:\/\/stagelps.dailyvesting.net\/wp-content\/uploads\/2024\/04\/ENG_lightBG-1-1-2.png\",\"contentUrl\":\"https:\/\/stagelps.dailyvesting.net\/wp-content\/uploads\/2024\/04\/ENG_lightBG-1-1-2.png\"},{\"@type\":\"WebSite\",\"@id\":\"https:\/\/lps.dailyinvesting.net\/ar\/#website\",\"url\":\"https:\/\/lps.dailyinvesting.net\/ar\/\",\"name\":\"\u0623\u0641\u0636\u0644 \u0634\u0631\u0643\u0627\u062a \u0627\u0644\u062a\u062f\u0627\u0648\u0644 \u0639\u0628\u0631 \u0627\u0644\u0625\u0646\u062a\u0631\u0646\u062a \u0644\u0639\u0627\u0645 2023\",\"description\":\"\",\"potentialAction\":[{\"@type\":\"SearchAction\",\"target\":{\"@type\":\"EntryPoint\",\"urlTemplate\":\"https:\/\/lps.dailyinvesting.net\/ar\/?s={search_term_string}\"},\"query-input\":{\"@type\":\"PropertyValueSpecification\",\"valueRequired\":true,\"valueName\":\"search_term_string\"}}],\"inLanguage\":\"pt-BR\"}]}<\/script>\n<!-- \/ Yoast SEO plugin. -->","yoast_head_json":{"title":"Best Online Trading Companies of 2025","description":"Welcome to Daily Investing! A representative from (Seekapa) will contact you as soon as possible. You will be redirected to the detailed review page to learn about other investors' opinions of the company.","robots":{"index":"index","follow":"follow","max-snippet":"max-snippet:-1","max-image-preview":"max-image-preview:large","max-video-preview":"max-video-preview:-1"},"canonical":"https:\/\/lps.dailyinvesting.net\/thank-you-3\/","og_locale":"pt_BR","og_type":"article","og_title":"Best Online Trading Companies of 2025","og_description":"Welcome to Daily Investing! A representative from (Seekapa) will contact you as soon as possible. You will be redirected to the detailed review page to learn about other investors' opinions of the company.","og_url":"https:\/\/lps.dailyinvesting.net\/thank-you-3\/","og_site_name":"\u0623\u0641\u0636\u0644 \u0634\u0631\u0643\u0627\u062a \u0627\u0644\u062a\u062f\u0627\u0648\u0644 \u0639\u0628\u0631 \u0627\u0644\u0625\u0646\u062a\u0631\u0646\u062a \u0644\u0639\u0627\u0645 2023","article_modified_time":"2025-02-02T10:42:34+00:00","og_image":[{"url":"https:\/\/stagelps.dailyvesting.net\/wp-content\/uploads\/2024\/04\/ENG_lightBG-1-1-2.png","type":"","width":"","height":""}],"twitter_card":"summary_large_image","twitter_misc":{"Est. reading time":"4 minutes"},"schema":{"@context":"https:\/\/schema.org","@graph":[{"@type":"WebPage","@id":"https:\/\/lps.dailyinvesting.net\/thank-you-3\/","url":"https:\/\/lps.dailyinvesting.net\/thank-you-3\/","name":"Best Online Trading Companies of 2025","isPartOf":{"@id":"https:\/\/lps.dailyinvesting.net\/ar\/#website"},"primaryImageOfPage":{"@id":"https:\/\/lps.dailyinvesting.net\/thank-you-3\/#primaryimage"},"image":{"@id":"https:\/\/lps.dailyinvesting.net\/thank-you-3\/#primaryimage"},"thumbnailUrl":"https:\/\/stagelps.dailyvesting.net\/wp-content\/uploads\/2024\/04\/ENG_lightBG-1-1-2.png","datePublished":"2025-01-01T13:21:18+00:00","dateModified":"2025-02-02T10:42:34+00:00","description":"Welcome to Daily Investing! A representative from (Seekapa) will contact you as soon as possible. You will be redirected to the detailed review page to learn about other investors' opinions of the company.","inLanguage":"pt-BR","potentialAction":[{"@type":"ReadAction","target":["https:\/\/lps.dailyinvesting.net\/thank-you-3\/"]}]},{"@type":"ImageObject","inLanguage":"pt-BR","@id":"https:\/\/lps.dailyinvesting.net\/thank-you-3\/#primaryimage","url":"https:\/\/stagelps.dailyvesting.net\/wp-content\/uploads\/2024\/04\/ENG_lightBG-1-1-2.png","contentUrl":"https:\/\/stagelps.dailyvesting.net\/wp-content\/uploads\/2024\/04\/ENG_lightBG-1-1-2.png"},{"@type":"WebSite","@id":"https:\/\/lps.dailyinvesting.net\/ar\/#website","url":"https:\/\/lps.dailyinvesting.net\/ar\/","name":"\u0623\u0641\u0636\u0644 \u0634\u0631\u0643\u0627\u062a \u0627\u0644\u062a\u062f\u0627\u0648\u0644 \u0639\u0628\u0631 \u0627\u0644\u0625\u0646\u062a\u0631\u0646\u062a \u0644\u0639\u0627\u0645 2023","description":"","potentialAction":[{"@type":"SearchAction","target":{"@type":"EntryPoint","urlTemplate":"https:\/\/lps.dailyinvesting.net\/ar\/?s={search_term_string}"},"query-input":{"@type":"PropertyValueSpecification","valueRequired":true,"valueName":"search_term_string"}}],"inLanguage":"pt-BR"}]}},"_links":{"self":[{"href":"https:\/\/lps.dailyinvesting.net\/pt-br\/wp-json\/wp\/v2\/pages\/6469","targetHints":{"allow":["GET"]}}],"collection":[{"href":"https:\/\/lps.dailyinvesting.net\/pt-br\/wp-json\/wp\/v2\/pages"}],"about":[{"href":"https:\/\/lps.dailyinvesting.net\/pt-br\/wp-json\/wp\/v2\/types\/page"}],"author":[{"embeddable":true,"href":"https:\/\/lps.dailyinvesting.net\/pt-br\/wp-json\/wp\/v2\/users\/11"}],"replies":[{"embeddable":true,"href":"https:\/\/lps.dailyinvesting.net\/pt-br\/wp-json\/wp\/v2\/comments?post=6469"}],"version-history":[{"count":0,"href":"https:\/\/lps.dailyinvesting.net\/pt-br\/wp-json\/wp\/v2\/pages\/6469\/revisions"}],"wp:attachment":[{"href":"https:\/\/lps.dailyinvesting.net\/pt-br\/wp-json\/wp\/v2\/media?parent=6469"}],"curies":[{"name":"wp","href":"https:\/\/api.w.org\/{rel}","templated":true}]}}