{"id":6470,"date":"2025-01-01T13:21:18","date_gmt":"2025-01-01T13:21:18","guid":{"rendered":"https:\/\/lps.dailyinvesting.net\/thank-you-3\/"},"modified":"2025-02-02T10:43:32","modified_gmt":"2025-02-02T10:43:32","slug":"thank-you-3","status":"publish","type":"page","link":"https:\/\/lps.dailyinvesting.net\/es\/thank-you-3\/","title":{"rendered":"thank-you-3"},"content":{"rendered":"\t\t<div data-elementor-type=\"wp-page\" data-elementor-id=\"6470\" class=\"elementor elementor-6470\" data-elementor-post-type=\"page\">\n\t\t\t\t\t\t<section class=\"elementor-section elementor-top-section elementor-element elementor-element-719ef93 elementor-section-boxed elementor-section-height-default elementor-section-height-default\" data-id=\"719ef93\" data-element_type=\"section\">\n\t\t\t\t\t\t<div class=\"elementor-container elementor-column-gap-default\">\n\t\t\t\t\t<div class=\"elementor-column elementor-col-100 elementor-top-column elementor-element elementor-element-7a4d526\" data-id=\"7a4d526\" data-element_type=\"column\">\n\t\t\t<div class=\"elementor-widget-wrap elementor-element-populated\">\n\t\t\t\t\t\t<div class=\"elementor-element elementor-element-0580269 elementor-widget elementor-widget-image\" data-id=\"0580269\" data-element_type=\"widget\" data-widget_type=\"image.default\">\n\t\t\t\t<div class=\"elementor-widget-container\">\n\t\t\t\t\t\t\t\t\t\t\t\t\t\t\t<img decoding=\"async\" width=\"325\" height=\"88\" src=\"\/wp-content\/uploads\/2024\/04\/ENG_lightBG-1-1-2-1.png\" class=\"attachment-large size-large wp-image-3969\" alt=\"\" srcset=\"\/wp-content\/uploads\/2024\/04\/ENG_lightBG-1-1-2-1.png 325w, \/wp-content\/uploads\/2024\/04\/ENG_lightBG-1-1-2-1-300x81.png 300w\" sizes=\"(max-width: 325px) 100vw, 325px\" \/>\t\t\t\t\t\t\t\t\t\t\t\t\t\t\t<\/div>\n\t\t\t\t<\/div>\n\t\t\t\t<div class=\"elementor-element elementor-element-8c601be elementor-widget elementor-widget-image\" data-id=\"8c601be\" data-element_type=\"widget\" data-widget_type=\"image.default\">\n\t\t\t\t<div class=\"elementor-widget-container\">\n\t\t\t\t\t\t\t\t\t\t\t\t\t\t\t<img fetchpriority=\"high\" decoding=\"async\" width=\"800\" height=\"450\" src=\"\/wp-content\/uploads\/2025\/02\/image-DV-thankupageES-1024x576.png\" class=\"attachment-large size-large wp-image-6511\" alt=\"\" srcset=\"\/wp-content\/uploads\/2025\/02\/image-DV-thankupageES-1024x576.png 1024w, \/wp-content\/uploads\/2025\/02\/image-DV-thankupageES-300x169.png 300w, \/wp-content\/uploads\/2025\/02\/image-DV-thankupageES-768x432.png 768w, \/wp-content\/uploads\/2025\/02\/image-DV-thankupageES-1536x864.png 1536w, \/wp-content\/uploads\/2025\/02\/image-DV-thankupageES.png 1920w\" sizes=\"(max-width: 800px) 100vw, 800px\" \/>\t\t\t\t\t\t\t\t\t\t\t\t\t\t\t<\/div>\n\t\t\t\t<\/div>\n\t\t\t\t<div class=\"elementor-element elementor-element-763e89f elementor-widget elementor-widget-heading\" data-id=\"763e89f\" data-element_type=\"widget\" data-widget_type=\"heading.default\">\n\t\t\t\t<div class=\"elementor-widget-container\">\n\t\t\t\t\t<h2 class=\"elementor-heading-title elementor-size-default\">\u00a1Bienvenido(a) a Dailyinvesting!<\/h2>\t\t\t\t<\/div>\n\t\t\t\t<\/div>\n\t\t\t\t<div class=\"elementor-element elementor-element-e26d543 elementor-widget elementor-widget-heading\" data-id=\"e26d543\" data-element_type=\"widget\" data-widget_type=\"heading.default\">\n\t\t\t\t<div class=\"elementor-widget-container\">\n\t\t\t\t\t<h2 class=\"elementor-heading-title elementor-size-default\">Un representante de Seekapa se pondr\u00e1 en contacto contigo lo antes posible.<\/h2>\t\t\t\t<\/div>\n\t\t\t\t<\/div>\n\t\t\t\t<div class=\"elementor-element elementor-element-4c1f01b elementor-widget elementor-widget-heading\" data-id=\"4c1f01b\" data-element_type=\"widget\" data-widget_type=\"heading.default\">\n\t\t\t\t<div class=\"elementor-widget-container\">\n\t\t\t\t\t<h2 class=\"elementor-heading-title elementor-size-default\">Ser\u00e1s redirigido(a) a la p\u00e1gina de evaluaci\u00f3n detallada para conocer la opini\u00f3n de otros inversionistas sobre la empresa.<\/h2>\t\t\t\t<\/div>\n\t\t\t\t<\/div>\n\t\t\t\t\t<\/div>\n\t\t<\/div>\n\t\t\t\t\t<\/div>\n\t\t<\/section>\n\t\t\t\t<section class=\"elementor-section elementor-top-section elementor-element elementor-element-4ff51a0 elementor-section-full_width elementor-section-height-default elementor-section-height-default\" data-id=\"4ff51a0\" data-element_type=\"section\">\n\t\t\t\t\t\t<div class=\"elementor-container elementor-column-gap-no\">\n\t\t\t\t\t<div class=\"elementor-column elementor-col-100 elementor-top-column elementor-element elementor-element-cfb74d0\" data-id=\"cfb74d0\" data-element_type=\"column\">\n\t\t\t<div class=\"elementor-widget-wrap elementor-element-populated\">\n\t\t\t\t\t\t<div class=\"elementor-element elementor-element-c214368 elementor-widget elementor-widget-template\" data-id=\"c214368\" data-element_type=\"widget\" data-widget_type=\"template.default\">\n\t\t\t\t<div class=\"elementor-widget-container\">\n\t\t\t\t\t\t\t<div class=\"elementor-template\">\n\t\t\t\t\t<div data-elementor-type=\"section\" data-elementor-id=\"6477\" class=\"elementor elementor-6477\" data-elementor-post-type=\"elementor_library\">\n\t\t\t\t\t<section class=\"elementor-section elementor-top-section elementor-element elementor-element-6e18d9d elementor-section-boxed elementor-section-height-default elementor-section-height-default\" data-id=\"6e18d9d\" data-element_type=\"section\" data-settings=\"{&quot;background_background&quot;:&quot;classic&quot;}\">\n\t\t\t\t\t\t<div class=\"elementor-container elementor-column-gap-default\">\n\t\t\t\t\t<div class=\"elementor-column elementor-col-100 elementor-top-column elementor-element elementor-element-2a4bf0f\" data-id=\"2a4bf0f\" data-element_type=\"column\">\n\t\t\t<div class=\"elementor-widget-wrap elementor-element-populated\">\n\t\t\t\t\t\t<div class=\"elementor-element elementor-element-69e36e5 elementor-widget elementor-widget-heading\" data-id=\"69e36e5\" data-element_type=\"widget\" data-widget_type=\"heading.default\">\n\t\t\t\t<div class=\"elementor-widget-container\">\n\t\t\t\t\t<div class=\"elementor-heading-title elementor-size-default\"><div class=\"footer-social-center\">\n<a href=\"mailto:info@dailyinvesting.net\">\n<img decoding=\"async\" src=\"https:\/\/bcdnlp.dailyinvesting.net\/wp-content\/uploads\/2023\/02\/icon-mail.png\">\ninfo@dailyinvesting.net <\/a>\n<a href=\"tel:+35724022549\">\n<img decoding=\"async\" src=\"https:\/\/bcdnlp.dailyinvesting.net\/wp-content\/uploads\/2023\/02\/icon-phone.png\">\n357-24022549+<\/a>\n<a>\n<img decoding=\"async\" src=\"https:\/\/bcdnlp.dailyinvesting.net\/wp-content\/uploads\/2023\/02\/icon-checkpoint.png\">\nEmiratos \u00c1rabes Unidos<\/a>\n<span>Informaci\u00f3n de contacto:<\/span>\n<\/div>\t\t\t\t<\/div>\n\t\t\t\t<\/div>\n\t\t\t\t<div class=\"elementor-element elementor-element-5f4f0a3 elementor-widget elementor-widget-heading\" data-id=\"5f4f0a3\" data-element_type=\"widget\" data-widget_type=\"heading.default\">\n\t\t\t\t<div class=\"elementor-widget-container\">\n\t\t\t\t\t<div class=\"elementor-heading-title elementor-size-default\"><a href=\"https:\/\/twitter.com\/DailyVesting\" target=\"_blank\">\n<img decoding=\"async\" src=\"https:\/\/lps.dailyinvesting.net\/wp-content\/uploads\/2023\/07\/Twitter-X-White-Logo-PNG.png\">\n<\/a>\n<a href=\"https:\/\/www.facebook.com\/DailyVestingAR\/\" target=\"_blank\">\n<img decoding=\"async\" src=\"https:\/\/bcdnlp.dailyinvesting.net\/wp-content\/uploads\/2023\/02\/icon-facebook.png\">\n<\/a>\n<a href=\"https:\/\/www.instagram.com\/daily_vesting\/\" target=\"_blank\">\n<img decoding=\"async\" src=\"https:\/\/bcdnlp.dailyinvesting.net\/wp-content\/uploads\/2023\/02\/icon-instagram.png\">\n<\/a><\/div>\t\t\t\t<\/div>\n\t\t\t\t<\/div>\n\t\t\t\t<div class=\"elementor-element elementor-element-6df806b elementor-widget elementor-widget-text-editor\" data-id=\"6df806b\" data-element_type=\"widget\" data-widget_type=\"text-editor.default\">\n\t\t\t\t<div class=\"elementor-widget-container\">\n\t\t\t\t\t\t\t\t\t<div class=\"row justify-content-center\"><div class=\"col-lg-10\"><div class=\"footer-text\"><div class=\"ewa-rteLine\"><div class=\"row justify-content-center\"><div class=\"col-lg-10\"><div class=\"footer-text\"><div class=\"ewa-rteLine\">Daily Investing es un sitio web que ofrece informaci\u00f3n y servicios relacionados con el mundo del trading y los mercados financieros. Bajo ninguna circunstancia deben los servicios ser interpretados como consejos o directrices de inversi\u00f3n. El trading implica riesgos, por lo tanto, los inversores no deben invertir m\u00e1s de lo que pueden permitirse perder. Antes de operar, aseg\u00farese de comprender los riesgos del mercado. Es responsabilidad exclusiva del trader aprender y adquirir el conocimiento y la experiencia necesarios para utilizar la plataforma de trading y cualquier cosa que se requiera para operar correctamente. La informaci\u00f3n contenida en este sitio no est\u00e1 dirigida a ninguna persona que afirme ser residente o ciudadano de los Estados Unidos, tampoco est\u00e1 destinada para su uso por cualquier persona (o personas) en cualquier pa\u00eds o jurisdicci\u00f3n donde dicho uso constituya una violaci\u00f3n directa o incumplimiento de las leyes y regulaciones locales. El sitio web Daily Investing es propiedad y est\u00e1 operado por la empresa Deloce LTD, una empresa organizada bajo las leyes de Chipre, n\u00famero de empresa 417226. Todos los derechos reservados.<\/div><\/div><\/div><\/div><\/div><\/div><\/div><\/div>\t\t\t\t\t\t\t\t<\/div>\n\t\t\t\t<\/div>\n\t\t\t\t\t<\/div>\n\t\t<\/div>\n\t\t\t\t\t<\/div>\n\t\t<\/section>\n\t\t\t\t<\/div>\n\t\t\t\t<\/div>\n\t\t\t\t\t\t<\/div>\n\t\t\t\t<\/div>\n\t\t\t\t\t<\/div>\n\t\t<\/div>\n\t\t\t\t\t<\/div>\n\t\t<\/section>\n\t\t\t\t<\/div>\n\t\t","protected":false},"excerpt":{"rendered":"<p>\u00a1Bienvenido(a) a Dailyinvesting! Un representante de Seekapa se pondr\u00e1 en contacto contigo lo antes posible. Ser\u00e1s redirigido(a) a la p\u00e1gina de evaluaci\u00f3n detallada para conocer la opini\u00f3n de otros inversionistas sobre la empresa.<\/p>\n","protected":false},"author":11,"featured_media":0,"parent":0,"menu_order":0,"comment_status":"closed","ping_status":"closed","template":"elementor_canvas","meta":{"footnotes":""},"class_list":["post-6470","page","type-page","status-publish","hentry"],"acf":[],"yoast_head":"<!-- This site is optimized with the Yoast SEO plugin v26.8 - https:\/\/yoast.com\/product\/yoast-seo-wordpress\/ -->\n<title>Gracias - Las mejores empresas de trading en l\u00ednea para 2025<\/title>\n<meta name=\"description\" content=\"\u00a1Bienvenido a Daily Visting! Un miembro del personal de (Seekapa) se pondr\u00e1 en contacto contigo lo antes posible. Ser\u00e1s redirigido a la p\u00e1gina de evaluaci\u00f3n detallada para conocer la opini\u00f3n de otros inversores sobre la empresa.&quot;\" \/>\n<meta name=\"robots\" content=\"index, follow, max-snippet:-1, max-image-preview:large, max-video-preview:-1\" \/>\n<link rel=\"canonical\" href=\"https:\/\/lps.dailyinvesting.net\/thank-you-3\/\" \/>\n<meta property=\"og:locale\" content=\"es_ES\" \/>\n<meta property=\"og:type\" content=\"article\" \/>\n<meta property=\"og:title\" content=\"Gracias - Las mejores empresas de trading en l\u00ednea para 2025\" \/>\n<meta property=\"og:description\" content=\"\u00a1Bienvenido a Daily Visting! Un miembro del personal de (Seekapa) se pondr\u00e1 en contacto contigo lo antes posible. Ser\u00e1s redirigido a la p\u00e1gina de evaluaci\u00f3n detallada para conocer la opini\u00f3n de otros inversores sobre la empresa.&quot;\" \/>\n<meta property=\"og:url\" content=\"https:\/\/lps.dailyinvesting.net\/thank-you-3\/\" \/>\n<meta property=\"og:site_name\" content=\"\u0623\u0641\u0636\u0644 \u0634\u0631\u0643\u0627\u062a \u0627\u0644\u062a\u062f\u0627\u0648\u0644 \u0639\u0628\u0631 \u0627\u0644\u0625\u0646\u062a\u0631\u0646\u062a \u0644\u0639\u0627\u0645 2023\" \/>\n<meta property=\"article:modified_time\" content=\"2025-02-02T10:43:32+00:00\" \/>\n<meta property=\"og:image\" content=\"https:\/\/stagelps.dailyvesting.net\/wp-content\/uploads\/2024\/04\/ENG_lightBG-1-1-2-1.png\" \/>\n<meta name=\"twitter:card\" content=\"summary_large_image\" \/>\n<meta name=\"twitter:label1\" content=\"Est. reading time\" \/>\n\t<meta name=\"twitter:data1\" content=\"5 minutes\" \/>\n<script type=\"application\/ld+json\" class=\"yoast-schema-graph\">{\"@context\":\"https:\/\/schema.org\",\"@graph\":[{\"@type\":\"WebPage\",\"@id\":\"https:\/\/lps.dailyinvesting.net\/thank-you-3\/\",\"url\":\"https:\/\/lps.dailyinvesting.net\/thank-you-3\/\",\"name\":\"Gracias - Las mejores empresas de trading en l\u00ednea para 2025\",\"isPartOf\":{\"@id\":\"https:\/\/lps.dailyinvesting.net\/ar\/#website\"},\"primaryImageOfPage\":{\"@id\":\"https:\/\/lps.dailyinvesting.net\/thank-you-3\/#primaryimage\"},\"image\":{\"@id\":\"https:\/\/lps.dailyinvesting.net\/thank-you-3\/#primaryimage\"},\"thumbnailUrl\":\"https:\/\/stagelps.dailyvesting.net\/wp-content\/uploads\/2024\/04\/ENG_lightBG-1-1-2-1.png\",\"datePublished\":\"2025-01-01T13:21:18+00:00\",\"dateModified\":\"2025-02-02T10:43:32+00:00\",\"description\":\"\u00a1Bienvenido a Daily Visting! Un miembro del personal de (Seekapa) se pondr\u00e1 en contacto contigo lo antes posible. Ser\u00e1s redirigido a la p\u00e1gina de evaluaci\u00f3n detallada para conocer la opini\u00f3n de otros inversores sobre la empresa.\\\"\",\"inLanguage\":\"es-ES\",\"potentialAction\":[{\"@type\":\"ReadAction\",\"target\":[\"https:\/\/lps.dailyinvesting.net\/thank-you-3\/\"]}]},{\"@type\":\"ImageObject\",\"inLanguage\":\"es-ES\",\"@id\":\"https:\/\/lps.dailyinvesting.net\/thank-you-3\/#primaryimage\",\"url\":\"https:\/\/stagelps.dailyvesting.net\/wp-content\/uploads\/2024\/04\/ENG_lightBG-1-1-2-1.png\",\"contentUrl\":\"https:\/\/stagelps.dailyvesting.net\/wp-content\/uploads\/2024\/04\/ENG_lightBG-1-1-2-1.png\"},{\"@type\":\"WebSite\",\"@id\":\"https:\/\/lps.dailyinvesting.net\/ar\/#website\",\"url\":\"https:\/\/lps.dailyinvesting.net\/ar\/\",\"name\":\"\u0623\u0641\u0636\u0644 \u0634\u0631\u0643\u0627\u062a \u0627\u0644\u062a\u062f\u0627\u0648\u0644 \u0639\u0628\u0631 \u0627\u0644\u0625\u0646\u062a\u0631\u0646\u062a \u0644\u0639\u0627\u0645 2023\",\"description\":\"\",\"potentialAction\":[{\"@type\":\"SearchAction\",\"target\":{\"@type\":\"EntryPoint\",\"urlTemplate\":\"https:\/\/lps.dailyinvesting.net\/ar\/?s={search_term_string}\"},\"query-input\":{\"@type\":\"PropertyValueSpecification\",\"valueRequired\":true,\"valueName\":\"search_term_string\"}}],\"inLanguage\":\"es-ES\"}]}<\/script>\n<!-- \/ Yoast SEO plugin. -->","yoast_head_json":{"title":"Gracias - Las mejores empresas de trading en l\u00ednea para 2025","description":"\u00a1Bienvenido a Daily Visting! Un miembro del personal de (Seekapa) se pondr\u00e1 en contacto contigo lo antes posible. Ser\u00e1s redirigido a la p\u00e1gina de evaluaci\u00f3n detallada para conocer la opini\u00f3n de otros inversores sobre la empresa.\"","robots":{"index":"index","follow":"follow","max-snippet":"max-snippet:-1","max-image-preview":"max-image-preview:large","max-video-preview":"max-video-preview:-1"},"canonical":"https:\/\/lps.dailyinvesting.net\/thank-you-3\/","og_locale":"es_ES","og_type":"article","og_title":"Gracias - Las mejores empresas de trading en l\u00ednea para 2025","og_description":"\u00a1Bienvenido a Daily Visting! Un miembro del personal de (Seekapa) se pondr\u00e1 en contacto contigo lo antes posible. Ser\u00e1s redirigido a la p\u00e1gina de evaluaci\u00f3n detallada para conocer la opini\u00f3n de otros inversores sobre la empresa.\"","og_url":"https:\/\/lps.dailyinvesting.net\/thank-you-3\/","og_site_name":"\u0623\u0641\u0636\u0644 \u0634\u0631\u0643\u0627\u062a \u0627\u0644\u062a\u062f\u0627\u0648\u0644 \u0639\u0628\u0631 \u0627\u0644\u0625\u0646\u062a\u0631\u0646\u062a \u0644\u0639\u0627\u0645 2023","article_modified_time":"2025-02-02T10:43:32+00:00","og_image":[{"url":"https:\/\/stagelps.dailyvesting.net\/wp-content\/uploads\/2024\/04\/ENG_lightBG-1-1-2-1.png","type":"","width":"","height":""}],"twitter_card":"summary_large_image","twitter_misc":{"Est. reading time":"5 minutes"},"schema":{"@context":"https:\/\/schema.org","@graph":[{"@type":"WebPage","@id":"https:\/\/lps.dailyinvesting.net\/thank-you-3\/","url":"https:\/\/lps.dailyinvesting.net\/thank-you-3\/","name":"Gracias - Las mejores empresas de trading en l\u00ednea para 2025","isPartOf":{"@id":"https:\/\/lps.dailyinvesting.net\/ar\/#website"},"primaryImageOfPage":{"@id":"https:\/\/lps.dailyinvesting.net\/thank-you-3\/#primaryimage"},"image":{"@id":"https:\/\/lps.dailyinvesting.net\/thank-you-3\/#primaryimage"},"thumbnailUrl":"https:\/\/stagelps.dailyvesting.net\/wp-content\/uploads\/2024\/04\/ENG_lightBG-1-1-2-1.png","datePublished":"2025-01-01T13:21:18+00:00","dateModified":"2025-02-02T10:43:32+00:00","description":"\u00a1Bienvenido a Daily Visting! Un miembro del personal de (Seekapa) se pondr\u00e1 en contacto contigo lo antes posible. Ser\u00e1s redirigido a la p\u00e1gina de evaluaci\u00f3n detallada para conocer la opini\u00f3n de otros inversores sobre la empresa.\"","inLanguage":"es-ES","potentialAction":[{"@type":"ReadAction","target":["https:\/\/lps.dailyinvesting.net\/thank-you-3\/"]}]},{"@type":"ImageObject","inLanguage":"es-ES","@id":"https:\/\/lps.dailyinvesting.net\/thank-you-3\/#primaryimage","url":"https:\/\/stagelps.dailyvesting.net\/wp-content\/uploads\/2024\/04\/ENG_lightBG-1-1-2-1.png","contentUrl":"https:\/\/stagelps.dailyvesting.net\/wp-content\/uploads\/2024\/04\/ENG_lightBG-1-1-2-1.png"},{"@type":"WebSite","@id":"https:\/\/lps.dailyinvesting.net\/ar\/#website","url":"https:\/\/lps.dailyinvesting.net\/ar\/","name":"\u0623\u0641\u0636\u0644 \u0634\u0631\u0643\u0627\u062a \u0627\u0644\u062a\u062f\u0627\u0648\u0644 \u0639\u0628\u0631 \u0627\u0644\u0625\u0646\u062a\u0631\u0646\u062a \u0644\u0639\u0627\u0645 2023","description":"","potentialAction":[{"@type":"SearchAction","target":{"@type":"EntryPoint","urlTemplate":"https:\/\/lps.dailyinvesting.net\/ar\/?s={search_term_string}"},"query-input":{"@type":"PropertyValueSpecification","valueRequired":true,"valueName":"search_term_string"}}],"inLanguage":"es-ES"}]}},"_links":{"self":[{"href":"https:\/\/lps.dailyinvesting.net\/es\/wp-json\/wp\/v2\/pages\/6470","targetHints":{"allow":["GET"]}}],"collection":[{"href":"https:\/\/lps.dailyinvesting.net\/es\/wp-json\/wp\/v2\/pages"}],"about":[{"href":"https:\/\/lps.dailyinvesting.net\/es\/wp-json\/wp\/v2\/types\/page"}],"author":[{"embeddable":true,"href":"https:\/\/lps.dailyinvesting.net\/es\/wp-json\/wp\/v2\/users\/11"}],"replies":[{"embeddable":true,"href":"https:\/\/lps.dailyinvesting.net\/es\/wp-json\/wp\/v2\/comments?post=6470"}],"version-history":[{"count":0,"href":"https:\/\/lps.dailyinvesting.net\/es\/wp-json\/wp\/v2\/pages\/6470\/revisions"}],"wp:attachment":[{"href":"https:\/\/lps.dailyinvesting.net\/es\/wp-json\/wp\/v2\/media?parent=6470"}],"curies":[{"name":"wp","href":"https:\/\/api.w.org\/{rel}","templated":true}]}}